{"id":218,"date":"2016-04-01T14:15:18","date_gmt":"2016-04-01T12:15:18","guid":{"rendered":"http:\/\/localhost\/wordpress\/?page_id=218"},"modified":"2016-04-03T14:02:44","modified_gmt":"2016-04-03T12:02:44","slug":"impressum","status":"publish","type":"page","link":"http:\/\/apfelundmehr.com\/index.php\/impressum\/","title":{"rendered":"Impressum"},"content":{"rendered":"<div id=\"main\" class=\"wrapper\">\n<div id=\"primary\" class=\"site-content\">\n<div id=\"content\">\n<article id=\"post-9\" class=\"post-9 page type-page status-publish hentry\">\n<div class=\"entry-content\">\n<h1 class=\"entry-title\">Impressum<\/h1>\n<p><strong>Gudrun und Markus Hekler<\/strong><\/p>\n<p><strong>Apfel und mehr<\/strong><\/p>\n<p>Pfostenbergweg 17<\/p>\n<p>73207 Plochingen<\/p>\n<p>Tel. 07153615872<\/p>\n<p>Mobil: 015777880077<\/p>\n<p>E-Mail: info@apfelundmehr.com<\/p>\n<p>&nbsp;<\/p>\n<p><strong>Haftungsausschluss<\/strong><\/p>\n<p>Die auf diesen Webseiten zur Verf\u00fcgung gestellten Informationen werden unter Beachtung gr\u00f6\u00dfter Sorgfalt laufend erstellt. Dennoch kann keine Garantie f\u00fcr die Richtigkeit und Vollst\u00e4ndigkeit der angegebenen Daten \u00fcbernommen werden, da eine zwischenzeitlich eingetretene \u00c4nderung nicht g\u00e4nzlich auszuschlie\u00dfen ist und somit auch keine Haftung f\u00fcr Sch\u00e4den \u00fcbernommen werden, die durch auf dieser Webpr\u00e4senz zur Verf\u00fcgung gestellten Informationen hervorgerufen werden. Dies gilt ebenso f\u00fcr s\u00e4mtliche Webseiten Dritter, auf die durch einen Hyperlink verwiesen wird. F\u00fcr dort enthaltene Informationen (fremde Inhalte) zu denen mittels Hyperlink lediglich der Zugang zur Nutzung vermittelt wird, ist der Betreiber dieser Webpr\u00e4senz nicht verantwortlich, \u00a7 5 Abs. 3 TDG.<\/p>\n<\/div>\n<footer class=\"entry-meta\"><\/footer>\n<\/article>\n<div id=\"comments\" class=\"comments-area\"><\/div>\n<\/div>\n<\/div>\n<\/div>\n","protected":false},"excerpt":{"rendered":"<p>Impressum Gudrun und Markus Hekler Apfel und mehr Pfostenbergweg 17 73207 Plochingen Tel. 07153615872 Mobil: 015777880077 E-Mail: info@apfelundmehr.com &nbsp; Haftungsausschluss Die auf diesen Webseiten zur Verf\u00fcgung gestellten Informationen werden unter Beachtung gr\u00f6\u00dfter Sorgfalt laufend erstellt. Dennoch kann keine Garantie f\u00fcr &hellip; <a href=\"http:\/\/apfelundmehr.com\/index.php\/impressum\/\">Weiter<\/a><\/p>\n","protected":false},"author":1,"featured_media":0,"parent":0,"menu_order":0,"comment_status":"closed","ping_status":"closed","template":"","meta":[],"aioseo_notices":[],"_links":{"self":[{"href":"http:\/\/apfelundmehr.com\/index.php\/wp-json\/wp\/v2\/pages\/218"}],"collection":[{"href":"http:\/\/apfelundmehr.com\/index.php\/wp-json\/wp\/v2\/pages"}],"about":[{"href":"http:\/\/apfelundmehr.com\/index.php\/wp-json\/wp\/v2\/types\/page"}],"author":[{"embeddable":true,"href":"http:\/\/apfelundmehr.com\/index.php\/wp-json\/wp\/v2\/users\/1"}],"replies":[{"embeddable":true,"href":"http:\/\/apfelundmehr.com\/index.php\/wp-json\/wp\/v2\/comments?post=218"}],"version-history":[{"count":0,"href":"http:\/\/apfelundmehr.com\/index.php\/wp-json\/wp\/v2\/pages\/218\/revisions"}],"wp:attachment":[{"href":"http:\/\/apfelundmehr.com\/index.php\/wp-json\/wp\/v2\/media?parent=218"}],"curies":[{"name":"wp","href":"https:\/\/api.w.org\/{rel}","templated":true}]}}