{"id":141,"date":"2016-03-30T16:29:00","date_gmt":"2016-03-30T14:29:00","guid":{"rendered":"http:\/\/localhost\/wordpress\/?page_id=141"},"modified":"2025-09-24T12:32:28","modified_gmt":"2025-09-24T10:32:28","slug":"lohnmosterei","status":"publish","type":"page","link":"http:\/\/apfelundmehr.com\/index.php\/lohnmosterei\/","title":{"rendered":""},"content":{"rendered":"<div id=\"pl-141\"  class=\"panel-layout\" ><div id=\"pg-141-0\"  class=\"panel-grid panel-no-style\" ><div id=\"pgc-141-0-0\"  class=\"panel-grid-cell\" ><div id=\"panel-141-0-0-0\" class=\"so-panel widget widget_sow-editor panel-first-child panel-last-child\" data-index=\"0\" ><div\n\t\t\t\n\t\t\tclass=\"so-widget-sow-editor so-widget-sow-editor-base\"\n\t\t\t\n\t\t>\n<div class=\"siteorigin-widget-tinymce textwidget\">\n\t\n<\/div>\n<\/div><\/div><\/div><\/div><div id=\"pg-141-1\"  class=\"panel-grid panel-has-style\" ><div class=\"siteorigin-panels-stretch panel-row-style panel-row-style-for-141-1\" data-stretch-type=\"full\" ><div id=\"pgc-141-1-0\"  class=\"panel-grid-cell\" ><div id=\"panel-141-1-0-0\" class=\"so-panel widget widget_sow-editor panel-first-child panel-last-child\" data-index=\"1\" ><div\n\t\t\t\n\t\t\tclass=\"so-widget-sow-editor so-widget-sow-editor-base\"\n\t\t\t\n\t\t>\n<div class=\"siteorigin-widget-tinymce textwidget\">\n\t<h2><strong>Voraussetzungen<\/strong><\/h2>\n<ul>\n<li>\n<p class=\"western\"><b>Mindestmenge 100 kg (bei Quitten, Trauben und Beeren auch kleinere Mengen)<\/b><\/p>\n<\/li>\n<li>\n<p class=\"western\"><b>H\u00f6chstmenge 500 kg<\/b><\/p>\n<\/li>\n<li>\n<p class=\"western\"><b>Obst sollte sauber, saftig und reif sein. <\/b><\/p>\n<\/li>\n<li><strong> Tipp: Die beste Saft-Qualit\u00e4t erhalten Sie, wenn zwischen der Ernte der \u00c4pfel und dem Pressen wenig Zeitraum verstreicht. Wir empfehlen deshalb zuerst den Termin zu vereinbaren und anschlie\u00dfend kurz vorher zu ernten.<\/strong><\/li>\n<\/ul>\n<p>&nbsp;<\/p>\n<h2><strong>Terminvereinbarung\/Ablauf<\/strong><\/h2>\n<ul>\n<li>\n<p class=\"western\"><b>Bitte teilen Sie uns grob die Menge Ihrer zu verarbeiteten \u00c4pfel, Birnen oder Quitten mit<\/b><\/p>\n<\/li>\n<li>\n<p class=\"western\"><b>In welche Gebinde m\u00f6chten Sie Ihren Saft? Es steht 3l, 5l oder 10l zur Auswahl. (siehe Preise)<\/b><\/p>\n<\/li>\n<li>\n<p class=\"western\"><b>Bei BagInbox ben\u00f6tigen Sie einen Karton. Die Kartons sind wieder verwendbar und sie k\u00f6nnen sie beim n\u00e4chsten mal wieder mitbringen.<\/b><\/p>\n<\/li>\n<li>\n<p class=\"western\"><b>M\u00f6chten Sie Rohsaft? Wenn ja, bringen Sie bitte entsprechende Beh\u00e4lter mit.<\/b><\/p>\n<\/li>\n<li>\n<p class=\"western\"><b>M\u00f6chten Sie Ihren Saft ohne Kartons mitnehmen, denken Sie an entsprechende Transportm\u00f6glichkeiten<\/b><\/p>\n<p class=\"western\"><b>\u00a0z. B. Kunststoffkisten, Apfelkartons, ... die hei\u00dfen Beutel d\u00fcrfen nicht \u00fcbereinander gelegt werden.<\/b><\/p>\n<\/li>\n<\/ul>\n<p>&nbsp;<\/p>\n<\/div>\n<\/div><\/div><\/div><\/div><\/div><div id=\"pg-141-2\"  class=\"panel-grid panel-has-style\" ><div class=\"siteorigin-panels-stretch panel-row-style panel-row-style-for-141-2\" data-stretch-type=\"full\" ><div id=\"pgc-141-2-0\"  class=\"panel-grid-cell\" ><div id=\"panel-141-2-0-0\" class=\"so-panel widget widget_sow-image panel-first-child panel-last-child\" data-index=\"2\" ><div\n\t\t\t\n\t\t\tclass=\"so-widget-sow-image so-widget-sow-image-default-8b5b6f678277-141\"\n\t\t\t\n\t\t>\n\n<div class=\"sow-image-container\">\n\t\t<img src=\"http:\/\/apfelundmehr.com\/wp-content\/uploads\/2016\/02\/hekler-10.jpg\" width=\"600\" height=\"399\" srcset=\"http:\/\/apfelundmehr.com\/wp-content\/uploads\/2016\/02\/hekler-10.jpg 600w, http:\/\/apfelundmehr.com\/wp-content\/uploads\/2016\/02\/hekler-10-300x200.jpg 300w, http:\/\/apfelundmehr.com\/wp-content\/uploads\/2016\/02\/hekler-10-450x300.jpg 450w\" sizes=\"(max-width: 600px) 100vw, 600px\" alt=\"\" loading=\"lazy\" \t\tclass=\"so-widget-image\"\/>\n\t<\/div>\n\n<\/div><\/div><\/div><div id=\"pgc-141-2-1\"  class=\"panel-grid-cell\" ><div id=\"panel-141-2-1-0\" class=\"so-panel widget widget_sow-image panel-first-child panel-last-child\" data-index=\"3\" ><div\n\t\t\t\n\t\t\tclass=\"so-widget-sow-image so-widget-sow-image-default-8b5b6f678277-141\"\n\t\t\t\n\t\t>\n\n<div class=\"sow-image-container\">\n\t\t<img src=\"http:\/\/apfelundmehr.com\/wp-content\/uploads\/2016\/02\/hekler-7.jpg\" width=\"600\" height=\"399\" srcset=\"http:\/\/apfelundmehr.com\/wp-content\/uploads\/2016\/02\/hekler-7.jpg 600w, http:\/\/apfelundmehr.com\/wp-content\/uploads\/2016\/02\/hekler-7-300x200.jpg 300w\" sizes=\"(max-width: 600px) 100vw, 600px\" alt=\"\" loading=\"lazy\" \t\tclass=\"so-widget-image\"\/>\n\t<\/div>\n\n<\/div><\/div><\/div><div id=\"pgc-141-2-2\"  class=\"panel-grid-cell\" ><div id=\"panel-141-2-2-0\" class=\"so-panel widget widget_sow-image panel-first-child panel-last-child\" data-index=\"4\" ><div\n\t\t\t\n\t\t\tclass=\"so-widget-sow-image so-widget-sow-image-default-8b5b6f678277-141\"\n\t\t\t\n\t\t>\n\n<div class=\"sow-image-container\">\n\t\t<img src=\"http:\/\/apfelundmehr.com\/wp-content\/uploads\/2016\/02\/obst13.jpg\" width=\"600\" height=\"399\" srcset=\"http:\/\/apfelundmehr.com\/wp-content\/uploads\/2016\/02\/obst13.jpg 600w, http:\/\/apfelundmehr.com\/wp-content\/uploads\/2016\/02\/obst13-300x200.jpg 300w\" sizes=\"(max-width: 600px) 100vw, 600px\" alt=\"\" loading=\"lazy\" \t\tclass=\"so-widget-image\"\/>\n\t<\/div>\n\n<\/div><\/div><\/div><\/div><\/div><div id=\"pg-141-3\"  class=\"panel-grid panel-has-style\" ><div class=\"siteorigin-panels-stretch panel-row-style panel-row-style-for-141-3\" data-stretch-type=\"full\" ><div id=\"pgc-141-3-0\"  class=\"panel-grid-cell\" ><div id=\"panel-141-3-0-0\" class=\"so-panel widget widget_sow-editor panel-first-child panel-last-child\" data-index=\"5\" ><div\n\t\t\t\n\t\t\tclass=\"so-widget-sow-editor so-widget-sow-editor-base\"\n\t\t\t\n\t\t>\n<div class=\"siteorigin-widget-tinymce textwidget\">\n\t<h2><strong>Ausbeute:<\/strong><\/h2>\n<p>&nbsp;<\/p>\n<p class=\"western\"><b><span style=\"font-size: 14pt;\">Richtet sich je nach Sorte und Qualit\u00e4t des Obstes. Aus 100 kg \u00c4pfel werden ca. 65 l Saft erzielt. \u00a0\u00a0\u00a0\u00a0\u00a0\u00a0<\/span>\u00a0\u00a0 <br \/><\/b><\/p>\n<\/div>\n<\/div><\/div><\/div><\/div><\/div><div id=\"pg-141-4\"  class=\"panel-grid panel-has-style\" ><div class=\"siteorigin-panels-stretch panel-row-style panel-row-style-for-141-4\" data-stretch-type=\"full\" ><div id=\"pgc-141-4-0\"  class=\"panel-grid-cell\" ><div id=\"panel-141-4-0-0\" class=\"so-panel widget widget_sow-price-table panel-first-child panel-last-child\" data-index=\"6\" ><div\n\t\t\t\n\t\t\tclass=\"so-widget-sow-price-table so-widget-sow-price-table-atom-df83f4de2e15-141\"\n\t\t\t\n\t\t>\n<h3 class=\"widget-title\">Preise f\u00fcr Apfel und Birnensaft<\/h3>\n<div class=\"ow-pt-columns-atom\">\n\n\t\t\t<div class=\"ow-pt-column ow-pt-first ow-pt-even\"\n\t\t\t style=\"width: 20%\">\n\t\t\t<div class=\"ow-pt-title\">\n\t\t\t\t3l Bag-in-Box\t\t\t\t\t\t\t\t\t<div class=\"ow-pt-subtitle\">\n\t\t\t\t\t\t(ohne Karton)\t\t\t\t\t<\/div>\n\t\t\t\t\t\t\t<\/div>\n\n            <div class=\"ow-pt-details\">\n                <div class=\"ow-pt-price\">\n\t\t\t\t\t2,90 \u20ac\t\t\t\t<\/div>\n\t\t\t\t                <div class=\"ow-pt-per\"><\/div>\n            <\/div>\n\n\t\t\t\n\t\t\t<div class=\"ow-pt-features\">\n\t\t\t\t\t\t\t\t\t<div class=\"ow-pt-feature ow-pt-feature-even ow-pt-feature-index-0\" title=\"\">\n\n\t\t\t\t\t\t\t\t\t\t\t\t<div class=\"sow-feature-text\">\n\t\t\t\t\t\t\t<p>\n\t\t\t\t\t\t\t\tKarton (wiederverwendbar)\t\t\t\t\t\t\t<\/p>\n\t\t\t\t\t\t<\/div>\n\t\t\t\t\t<\/div>\n\t\t\t\t\t\t\t\t\t<div class=\"ow-pt-feature ow-pt-feature-odd ow-pt-feature-index-1\" title=\"\">\n\n\t\t\t\t\t\t\t\t\t\t\t\t<div class=\"sow-feature-text\">\n\t\t\t\t\t\t\t<p>\n\t\t\t\t\t\t\t\t1,20 \u20ac\t\t\t\t\t\t\t<\/p>\n\t\t\t\t\t\t<\/div>\n\t\t\t\t\t<\/div>\n\t\t\t\t\t\t\t<\/div>\n\n\t\t\t\t\t<\/div>\n\t\t\t<div class=\"ow-pt-column ow-pt-odd\"\n\t\t\t style=\"width: 20%\">\n\t\t\t<div class=\"ow-pt-title\">\n\t\t\t\t5l Bag-in-Box\t\t\t\t\t\t\t\t\t<div class=\"ow-pt-subtitle\">\n\t\t\t\t\t\t(ohne Karton)\t\t\t\t\t<\/div>\n\t\t\t\t\t\t\t<\/div>\n\n            <div class=\"ow-pt-details\">\n                <div class=\"ow-pt-price\">\n\t\t\t\t\t4,20 \u20ac\t\t\t\t<\/div>\n\t\t\t\t                <div class=\"ow-pt-per\"><\/div>\n            <\/div>\n\n\t\t\t\n\t\t\t<div class=\"ow-pt-features\">\n\t\t\t\t\t\t\t\t\t<div class=\"ow-pt-feature ow-pt-feature-even ow-pt-feature-index-0\" title=\"\">\n\n\t\t\t\t\t\t\t\t\t\t\t\t<div class=\"sow-feature-text\">\n\t\t\t\t\t\t\t<p>\n\t\t\t\t\t\t\t\tKarton (wiederverwendbar)\t\t\t\t\t\t\t<\/p>\n\t\t\t\t\t\t<\/div>\n\t\t\t\t\t<\/div>\n\t\t\t\t\t\t\t\t\t<div class=\"ow-pt-feature ow-pt-feature-odd ow-pt-feature-index-1\" title=\"\">\n\n\t\t\t\t\t\t\t\t\t\t\t\t<div class=\"sow-feature-text\">\n\t\t\t\t\t\t\t<p>\n\t\t\t\t\t\t\t\t1,40 \u20ac\t\t\t\t\t\t\t<\/p>\n\t\t\t\t\t\t<\/div>\n\t\t\t\t\t<\/div>\n\t\t\t\t\t\t\t<\/div>\n\n\t\t\t\t\t<\/div>\n\t\t\t<div class=\"ow-pt-column ow-pt-even\"\n\t\t\t style=\"width: 20%\">\n\t\t\t<div class=\"ow-pt-title\">\n\t\t\t\t10l Bag-in-Box\t\t\t\t\t\t\t\t\t<div class=\"ow-pt-subtitle\">\n\t\t\t\t\t\t(ohne Karton)\t\t\t\t\t<\/div>\n\t\t\t\t\t\t\t<\/div>\n\n            <div class=\"ow-pt-details\">\n                <div class=\"ow-pt-price\">\n\t\t\t\t\t7,70 \u20ac\t\t\t\t<\/div>\n\t\t\t\t                <div class=\"ow-pt-per\"><\/div>\n            <\/div>\n\n\t\t\t\n\t\t\t<div class=\"ow-pt-features\">\n\t\t\t\t\t\t\t\t\t<div class=\"ow-pt-feature ow-pt-feature-even ow-pt-feature-index-0\" title=\"\">\n\n\t\t\t\t\t\t\t\t\t\t\t\t<div class=\"sow-feature-text\">\n\t\t\t\t\t\t\t<p>\n\t\t\t\t\t\t\t\tKarton (wiederverwendbar)\t\t\t\t\t\t\t<\/p>\n\t\t\t\t\t\t<\/div>\n\t\t\t\t\t<\/div>\n\t\t\t\t\t\t\t\t\t<div class=\"ow-pt-feature ow-pt-feature-odd ow-pt-feature-index-1\" title=\"\">\n\n\t\t\t\t\t\t\t\t\t\t\t\t<div class=\"sow-feature-text\">\n\t\t\t\t\t\t\t<p>\n\t\t\t\t\t\t\t\t2,- \u20ac\t\t\t\t\t\t\t<\/p>\n\t\t\t\t\t\t<\/div>\n\t\t\t\t\t<\/div>\n\t\t\t\t\t\t\t<\/div>\n\n\t\t\t\t\t<\/div>\n\t\t\t<div class=\"ow-pt-column ow-pt-odd\"\n\t\t\t style=\"width: 20%\">\n\t\t\t<div class=\"ow-pt-title\">\n\t\t\t\tPressen \t\t\t\t\t\t\t\t\t<div class=\"ow-pt-subtitle\">\n\t\t\t\t\t\tohne erhitzen\t\t\t\t\t<\/div>\n\t\t\t\t\t\t\t<\/div>\n\n            <div class=\"ow-pt-details\">\n                <div class=\"ow-pt-price\">\n\t\t\t\t\t35ct\/l \t\t\t\t<\/div>\n\t\t\t\t                <div class=\"ow-pt-per\"><\/div>\n            <\/div>\n\n\t\t\t\n\t\t\t<div class=\"ow-pt-features\">\n\t\t\t\t\t\t\t<\/div>\n\n\t\t\t\t\t<\/div>\n\t\t\t<div class=\"ow-pt-column ow-pt-last ow-pt-even\"\n\t\t\t style=\"width: 20%\">\n\t\t\t<div class=\"ow-pt-title\">\n\t\t\t\tNEU ! Trester\t\t\t\t\t\t\t\t\t<div class=\"ow-pt-subtitle\">\n\t\t\t\t\t\tEntsorgung\t\t\t\t\t<\/div>\n\t\t\t\t\t\t\t<\/div>\n\n            <div class=\"ow-pt-details\">\n                <div class=\"ow-pt-price\">\n\t\t\t\t\t0,05\t\t\t\t<\/div>\n\t\t\t\t                <div class=\"ow-pt-per\">\u20ac \/ l<\/div>\n            <\/div>\n\n\t\t\t\n\t\t\t<div class=\"ow-pt-features\">\n\t\t\t\t\t\t\t\t\t<div class=\"ow-pt-feature ow-pt-feature-even ow-pt-feature-index-0\" title=\"\">\n\n\t\t\t\t\t\t\t\t\t\t\t\t<div class=\"sow-feature-text\">\n\t\t\t\t\t\t\t<p>\n\t\t\t\t\t\t\t\toder Trester\t\t\t\t\t\t\t<\/p>\n\t\t\t\t\t\t<\/div>\n\t\t\t\t\t<\/div>\n\t\t\t\t\t\t\t\t\t<div class=\"ow-pt-feature ow-pt-feature-odd ow-pt-feature-index-1\" title=\"\">\n\n\t\t\t\t\t\t\t\t\t\t\t\t<div class=\"sow-feature-text\">\n\t\t\t\t\t\t\t<p>\n\t\t\t\t\t\t\t\tselbstentsorgen\t\t\t\t\t\t\t<\/p>\n\t\t\t\t\t\t<\/div>\n\t\t\t\t\t<\/div>\n\t\t\t\t\t\t\t<\/div>\n\n\t\t\t\t\t<\/div>\n\t<\/div>\n<\/div><\/div><\/div><\/div><\/div><div id=\"pg-141-5\"  class=\"panel-grid panel-has-style\" ><div class=\"siteorigin-panels-stretch panel-row-style panel-row-style-for-141-5\" data-stretch-type=\"full\" ><div id=\"pgc-141-5-0\"  class=\"panel-grid-cell\" ><div id=\"panel-141-5-0-0\" class=\"so-panel widget widget_sow-price-table panel-first-child panel-last-child\" data-index=\"7\" ><div\n\t\t\t\n\t\t\tclass=\"so-widget-sow-price-table so-widget-sow-price-table-atom-df83f4de2e15-141\"\n\t\t\t\n\t\t>\n<h3 class=\"widget-title\">Quittensaft<\/h3>\n<div class=\"ow-pt-columns-atom\">\n\n\t\t\t<div class=\"ow-pt-column ow-pt-first ow-pt-last ow-pt-even\"\n\t\t\t style=\"width: 100%\">\n\t\t\t<div class=\"ow-pt-title\">\n\t\t\t\t3l Bag-in-Box\t\t\t\t\t\t\t<\/div>\n\n            <div class=\"ow-pt-details\">\n                <div class=\"ow-pt-price\">\n\t\t\t\t\t4,10 \u20ac\t\t\t\t<\/div>\n\t\t\t\t                <div class=\"ow-pt-per\"><\/div>\n            <\/div>\n\n\t\t\t\n\t\t\t<div class=\"ow-pt-features\">\n\t\t\t\t\t\t\t\t\t<div class=\"ow-pt-feature ow-pt-feature-even ow-pt-feature-index-0\" title=\"\">\n\n\t\t\t\t\t\t\t\t\t\t\t\t<div class=\"sow-feature-text\">\n\t\t\t\t\t\t\t<p>\n\t\t\t\t\t\t\t\tKarton (wiederverwendbar)\t\t\t\t\t\t\t<\/p>\n\t\t\t\t\t\t<\/div>\n\t\t\t\t\t<\/div>\n\t\t\t\t\t\t\t\t\t<div class=\"ow-pt-feature ow-pt-feature-odd ow-pt-feature-index-1\" title=\"\">\n\n\t\t\t\t\t\t\t\t\t\t\t\t<div class=\"sow-feature-text\">\n\t\t\t\t\t\t\t<p>\n\t\t\t\t\t\t\t\t1,20 \u20ac\t\t\t\t\t\t\t<\/p>\n\t\t\t\t\t\t<\/div>\n\t\t\t\t\t<\/div>\n\t\t\t\t\t\t\t<\/div>\n\n\t\t\t\t\t<\/div>\n\t<\/div>\n<\/div><\/div><\/div><div id=\"pgc-141-5-1\"  class=\"panel-grid-cell panel-grid-cell-empty\" ><\/div><div id=\"pgc-141-5-2\"  class=\"panel-grid-cell panel-grid-cell-empty panel-grid-cell-mobile-last\" ><\/div><div id=\"pgc-141-5-3\"  class=\"panel-grid-cell panel-grid-cell-empty\" ><\/div><\/div><\/div><div id=\"pg-141-6\"  class=\"panel-grid panel-has-style\" ><div class=\"siteorigin-panels-stretch panel-row-style panel-row-style-for-141-6\" data-stretch-type=\"full\" ><div id=\"pgc-141-6-0\"  class=\"panel-grid-cell\" ><div id=\"panel-141-6-0-0\" class=\"so-panel widget widget_sow-editor panel-first-child panel-last-child\" data-index=\"8\" ><div\n\t\t\t\n\t\t\tclass=\"so-widget-sow-editor so-widget-sow-editor-base\"\n\t\t\t\n\t\t>\n<div class=\"siteorigin-widget-tinymce textwidget\">\n\t<p><span style=\"font-size: 18pt;\"><b>Preise f\u00fcr Beeren, Trauben usw. auf Anfrage.<\/b><\/span><\/p>\n<\/div>\n<\/div><\/div><\/div><\/div><\/div><div id=\"pg-141-7\"  class=\"panel-grid panel-no-style\" ><div id=\"pgc-141-7-0\"  class=\"panel-grid-cell\" ><div id=\"panel-141-7-0-0\" class=\"so-panel widget widget_sow-editor panel-first-child panel-last-child\" data-index=\"9\" ><div\n\t\t\t\n\t\t\tclass=\"so-widget-sow-editor so-widget-sow-editor-base\"\n\t\t\t\n\t\t>\n<div class=\"siteorigin-widget-tinymce textwidget\">\n\t<p><strong>Was ist BagInBox?<\/strong><\/p>\n<p class=\"western\"><b>BagInBox (Beutel in der Schachtel) ist ein Folienbeutel mit Zapfhahn der sich in einem Karton befindet. Dieser Karton wird nach Anbruch leicht schr\u00e4g gestellt. Durch den Zapfhahn kann dadurch Saft entnommen werden, ohne dass Luft in das Gebinde eintreten kann. Der Saft ist deshalb nach Anbruch ca. 3 Monate haltbar.<br \/><\/b><\/p>\n<\/div>\n<\/div><\/div><\/div><\/div><div id=\"pg-141-8\"  class=\"panel-grid panel-has-style\" ><div class=\"siteorigin-panels-stretch panel-row-style panel-row-style-for-141-8\" data-stretch-type=\"full\" ><div id=\"pgc-141-8-0\"  class=\"panel-grid-cell\" ><div id=\"panel-141-8-0-0\" class=\"so-panel widget widget_sow-editor panel-first-child panel-last-child\" data-index=\"10\" ><div\n\t\t\t\n\t\t\tclass=\"so-widget-sow-editor so-widget-sow-editor-base\"\n\t\t\t\n\t\t>\n<div class=\"siteorigin-widget-tinymce textwidget\">\n\t<p class=\"western\"><b>Sie k\u00f6nnen aktiv die Verarbeitung Ihres Obstes zu Saft begleiten oder das Obst abgeben und ihren Saft sp\u00e4ter abholen. <\/b><\/p>\n<p class=\"western\"><b>Keine Zus\u00e4tze! Durch das Erhitzen ist Ihr Saft bis zu 18 Monaten haltbar.<\/b><\/p>\n<p class=\"western\"><b>Sie erhalten ausschlie\u00dflich Saft aus Ihrem eigenem Obst. Die Qualit\u00e4t des Saftes beeinflussen Sie selbst durch der Auswahl Ihrer \u00c4pfel, Birnen und Quitten.<\/b><\/p>\n<p class=\"western\"><b>Mit dem Erhalt der Streuobstg\u00e4rten und Verwertung der daraus entstehenden Produkte leisten Sie einen wichtigen Beitrag zur Landschaftspflege<\/b>.<\/p>\n<\/div>\n<\/div><\/div><\/div><\/div><\/div><div id=\"pg-141-9\"  class=\"panel-grid panel-has-style\" ><div class=\"siteorigin-panels-stretch panel-row-style panel-row-style-for-141-9\" data-stretch-type=\"full\" ><div id=\"pgc-141-9-0\"  class=\"panel-grid-cell\" ><div id=\"panel-141-9-0-0\" class=\"so-panel widget widget_sow-image panel-first-child panel-last-child\" data-index=\"11\" ><div\n\t\t\t\n\t\t\tclass=\"so-widget-sow-image so-widget-sow-image-default-8b5b6f678277-141\"\n\t\t\t\n\t\t>\n\n<div class=\"sow-image-container\">\n\t\t<img src=\"http:\/\/apfelundmehr.com\/wp-content\/uploads\/2016\/02\/hekler-16.jpg\" width=\"600\" height=\"399\" srcset=\"http:\/\/apfelundmehr.com\/wp-content\/uploads\/2016\/02\/hekler-16.jpg 600w, http:\/\/apfelundmehr.com\/wp-content\/uploads\/2016\/02\/hekler-16-300x200.jpg 300w\" sizes=\"(max-width: 600px) 100vw, 600px\" alt=\"\" loading=\"lazy\" \t\tclass=\"so-widget-image\"\/>\n\t<\/div>\n\n<\/div><\/div><\/div><div id=\"pgc-141-9-1\"  class=\"panel-grid-cell\" ><div id=\"panel-141-9-1-0\" class=\"so-panel widget widget_sow-image panel-first-child panel-last-child\" data-index=\"12\" ><div\n\t\t\t\n\t\t\tclass=\"so-widget-sow-image so-widget-sow-image-default-8b5b6f678277-141\"\n\t\t\t\n\t\t>\n\n<div class=\"sow-image-container\">\n\t\t<img src=\"http:\/\/apfelundmehr.com\/wp-content\/uploads\/2016\/02\/obst2.jpg\" width=\"600\" height=\"399\" srcset=\"http:\/\/apfelundmehr.com\/wp-content\/uploads\/2016\/02\/obst2.jpg 600w, http:\/\/apfelundmehr.com\/wp-content\/uploads\/2016\/02\/obst2-300x200.jpg 300w\" sizes=\"(max-width: 600px) 100vw, 600px\" alt=\"\" loading=\"lazy\" \t\tclass=\"so-widget-image\"\/>\n\t<\/div>\n\n<\/div><\/div><\/div><div id=\"pgc-141-9-2\"  class=\"panel-grid-cell\" ><div id=\"panel-141-9-2-0\" class=\"so-panel widget widget_sow-image panel-first-child panel-last-child\" data-index=\"13\" ><div\n\t\t\t\n\t\t\tclass=\"so-widget-sow-image so-widget-sow-image-default-8b5b6f678277-141\"\n\t\t\t\n\t\t>\n\n<div class=\"sow-image-container\">\n\t\t<img src=\"http:\/\/apfelundmehr.com\/wp-content\/uploads\/2016\/02\/hekler-15.jpg\" width=\"600\" height=\"399\" srcset=\"http:\/\/apfelundmehr.com\/wp-content\/uploads\/2016\/02\/hekler-15.jpg 600w, http:\/\/apfelundmehr.com\/wp-content\/uploads\/2016\/02\/hekler-15-300x200.jpg 300w\" sizes=\"(max-width: 600px) 100vw, 600px\" alt=\"\" loading=\"lazy\" \t\tclass=\"so-widget-image\"\/>\n\t<\/div>\n\n<\/div><\/div><\/div><\/div><\/div><div id=\"pg-141-10\"  class=\"panel-grid panel-has-style\" ><div class=\"siteorigin-panels-stretch panel-row-style panel-row-style-for-141-10\" data-stretch-type=\"full\" ><div id=\"pgc-141-10-0\"  class=\"panel-grid-cell\" ><div id=\"panel-141-10-0-0\" class=\"so-panel widget widget_sow-editor panel-first-child panel-last-child\" data-index=\"14\" ><div\n\t\t\t\n\t\t\tclass=\"so-widget-sow-editor so-widget-sow-editor-base\"\n\t\t\t\n\t\t>\n<div class=\"siteorigin-widget-tinymce textwidget\">\n\t<p style=\"text-align: center;\"><span style=\"font-size: 14pt;\"><strong>Termine k\u00f6nnen sie entweder telefonisch oder per E-Mail mit uns vereinbaren. Presstage sind Freitag und Samstag oder nach Absprache.\u00a0\u00a0<\/strong><\/span><\/p>\n<\/div>\n<\/div><\/div><\/div><\/div><\/div><\/div>","protected":false},"excerpt":{"rendered":"<p>Voraussetzungen Mindestmenge 100 kg (bei Quitten, Trauben und Beeren auch kleinere Mengen) H\u00f6chstmenge 500 kg Obst sollte sauber, saftig und reif sein. Tipp: Die beste Saft-Qualit\u00e4t erhalten Sie, wenn zwischen der Ernte der \u00c4pfel und dem Pressen wenig Zeitraum verstreicht. &hellip; <a href=\"http:\/\/apfelundmehr.com\/index.php\/lohnmosterei\/\">Weiter<\/a><\/p>\n","protected":false},"author":1,"featured_media":0,"parent":0,"menu_order":0,"comment_status":"closed","ping_status":"closed","template":"","meta":[],"aioseo_notices":[],"_links":{"self":[{"href":"http:\/\/apfelundmehr.com\/index.php\/wp-json\/wp\/v2\/pages\/141"}],"collection":[{"href":"http:\/\/apfelundmehr.com\/index.php\/wp-json\/wp\/v2\/pages"}],"about":[{"href":"http:\/\/apfelundmehr.com\/index.php\/wp-json\/wp\/v2\/types\/page"}],"author":[{"embeddable":true,"href":"http:\/\/apfelundmehr.com\/index.php\/wp-json\/wp\/v2\/users\/1"}],"replies":[{"embeddable":true,"href":"http:\/\/apfelundmehr.com\/index.php\/wp-json\/wp\/v2\/comments?post=141"}],"version-history":[{"count":25,"href":"http:\/\/apfelundmehr.com\/index.php\/wp-json\/wp\/v2\/pages\/141\/revisions"}],"predecessor-version":[{"id":839,"href":"http:\/\/apfelundmehr.com\/index.php\/wp-json\/wp\/v2\/pages\/141\/revisions\/839"}],"wp:attachment":[{"href":"http:\/\/apfelundmehr.com\/index.php\/wp-json\/wp\/v2\/media?parent=141"}],"curies":[{"name":"wp","href":"https:\/\/api.w.org\/{rel}","templated":true}]}}